{"id":24,"date":"2015-05-28T08:16:08","date_gmt":"2015-05-28T06:16:08","guid":{"rendered":"http:\/\/agroaliance.cz\/agronutrition\/?page_id=24"},"modified":"2020-01-15T17:15:23","modified_gmt":"2020-01-15T16:15:23","slug":"odbouravani-deficitu-mikroprvku","status":"publish","type":"page","link":"https:\/\/agroaliance.cz\/agronutrition\/odbouravani-deficitu-mikroprvku\/","title":{"rendered":"Odbour\u00e1v\u00e1n\u00ed deficitu mikroprvk\u016f"},"content":{"rendered":"<p><img loading=\"lazy\" class=\"alignright wp-image-15 size-medium\" src=\"http:\/\/agroaliance.cz\/agronutrition\/wp-content\/uploads\/round_1-285x300.png\" alt=\"round_1\" width=\"285\" height=\"300\" srcset=\"https:\/\/agroaliance.cz\/agronutrition\/wp-content\/uploads\/round_1-285x300.png 285w, https:\/\/agroaliance.cz\/agronutrition\/wp-content\/uploads\/round_1-974x1024.png 974w, https:\/\/agroaliance.cz\/agronutrition\/wp-content\/uploads\/round_1.png 1132w\" sizes=\"(max-width: 285px) 100vw, 285px\" \/><\/p>\n<ul>\n<li><a href=\"http:\/\/www.agroaliance.cz\/agronutrition\/pdf\/2-odbouravani-deficitu-mikroprvku\/actiflow-zn-680.pdf\" target=\"_blank\" rel=\"noopener noreferrer\">Actiflow 680 Zn<\/a>\u00a0(PDF)<br \/>\n<hr \/>\n<\/li>\n<li><a href=\"http:\/\/www.agroaliance.cz\/agronutrition\/pdf\/2-odbouravani-deficitu-mikroprvku\/actiflow-mn-560.pdf\" target=\"_blank\" rel=\"noopener noreferrer\">Actiflow 560 Mn<\/a>\u00a0(PDF)<br \/>\n<hr \/>\n<\/li>\n<li><a href=\"http:\/\/www.agroaliance.cz\/agronutrition\/pdf\/2-odbouravani-deficitu-mikroprvku\/boronia.pdf\" target=\"_blank\" rel=\"noopener noreferrer\">Boronia<\/a>\u00a0(PDF)<br \/>\n<hr \/>\n<\/li>\n<li><a href=\"http:\/\/www.agroaliance.cz\/agronutrition\/pdf\/2-odbouravani-deficitu-mikroprvku\/boronia-mo-6.pdf\" target=\"_blank\" rel=\"noopener noreferrer\">Boronia Mo<\/a>\u00a0(PDF)<br \/>\n<hr \/>\n<\/li>\n<li><a href=\"http:\/\/www.agroaliance.cz\/agronutrition\/pdf\/2-odbouravani-deficitu-mikroprvku\/fixa-mn.pdf\" target=\"_blank\" rel=\"noopener noreferrer\">Fixa Mn<\/a>\u00a0(PDF)<br \/>\n<hr \/>\n<\/li>\n<li><a href=\"http:\/\/www.agroaliance.cz\/agronutrition\/pdf\/2-odbouravani-deficitu-mikroprvku\/fixa-zn.pdf\" target=\"_blank\" rel=\"noopener noreferrer\">Fixa Zn<\/a>\u00a0(PDF)<br \/>\n<hr \/>\n<\/li>\n<li><a href=\"http:\/\/www.agroaliance.cz\/agronutrition\/pdf\/2-odbouravani-deficitu-mikroprvku\/gluconex-cu.pdf\" target=\"_blank\" rel=\"noopener noreferrer\">Gluconex Cu<\/a>\u00a0(PDF)<br \/>\n<hr \/>\n<\/li>\n<\/ul>\n","protected":false},"excerpt":{"rendered":"<p>Actiflow 680 Zn\u00a0(PDF) Actiflow 560 Mn\u00a0(PDF) Boronia\u00a0(PDF) Boronia Mo\u00a0(PDF) Fixa Mn\u00a0(PDF) Fixa Zn\u00a0(PDF) Gluconex Cu\u00a0(PDF)<\/p>\n","protected":false},"author":1,"featured_media":15,"parent":0,"menu_order":2,"comment_status":"closed","ping_status":"closed","template":"","meta":[],"_links":{"self":[{"href":"https:\/\/agroaliance.cz\/agronutrition\/wp-json\/wp\/v2\/pages\/24"}],"collection":[{"href":"https:\/\/agroaliance.cz\/agronutrition\/wp-json\/wp\/v2\/pages"}],"about":[{"href":"https:\/\/agroaliance.cz\/agronutrition\/wp-json\/wp\/v2\/types\/page"}],"author":[{"embeddable":true,"href":"https:\/\/agroaliance.cz\/agronutrition\/wp-json\/wp\/v2\/users\/1"}],"replies":[{"embeddable":true,"href":"https:\/\/agroaliance.cz\/agronutrition\/wp-json\/wp\/v2\/comments?post=24"}],"version-history":[{"count":14,"href":"https:\/\/agroaliance.cz\/agronutrition\/wp-json\/wp\/v2\/pages\/24\/revisions"}],"predecessor-version":[{"id":254,"href":"https:\/\/agroaliance.cz\/agronutrition\/wp-json\/wp\/v2\/pages\/24\/revisions\/254"}],"wp:featuredmedia":[{"embeddable":true,"href":"https:\/\/agroaliance.cz\/agronutrition\/wp-json\/wp\/v2\/media\/15"}],"wp:attachment":[{"href":"https:\/\/agroaliance.cz\/agronutrition\/wp-json\/wp\/v2\/media?parent=24"}],"curies":[{"name":"wp","href":"https:\/\/api.w.org\/{rel}","templated":true}]}}