{"id":26,"date":"2015-05-28T08:16:33","date_gmt":"2015-05-28T06:16:33","guid":{"rendered":"http:\/\/agroaliance.cz\/agronutrition\/?page_id=26"},"modified":"2020-01-15T17:16:35","modified_gmt":"2020-01-15T16:16:35","slug":"zvladani-stresu-regenerace-a-produkce","status":"publish","type":"page","link":"https:\/\/agroaliance.cz\/agronutrition\/zvladani-stresu-regenerace-a-produkce\/","title":{"rendered":"Zvl\u00e1d\u00e1n\u00ed stresu, regenerace a\u00a0produkce"},"content":{"rendered":"<p><img loading=\"lazy\" class=\"alignright size-medium wp-image-18\" src=\"http:\/\/agroaliance.cz\/agronutrition\/wp-content\/uploads\/round_4-300x280.png\" alt=\"round_4\" width=\"300\" height=\"280\" srcset=\"https:\/\/agroaliance.cz\/agronutrition\/wp-content\/uploads\/round_4-300x280.png 300w, https:\/\/agroaliance.cz\/agronutrition\/wp-content\/uploads\/round_4-1024x957.png 1024w, https:\/\/agroaliance.cz\/agronutrition\/wp-content\/uploads\/round_4.png 1288w\" sizes=\"(max-width: 300px) 100vw, 300px\" \/><\/p>\n<ul>\n<li><a href=\"http:\/\/www.agroaliance.cz\/agronutrition\/pdf\/3-zvladani-stresu-regenerace-a-produkce\/cerefol-multi.pdf\" target=\"_blank\" rel=\"noopener noreferrer\">Cerefol Multi<\/a>\u00a0(PDF)<br \/>\n<hr \/>\n<\/li>\n<li><a href=\"http:\/\/www.agroaliance.cz\/agronutrition\/pdf\/3-zvladani-stresu-regenerace-a-produkce\/fertigofol-ultra.pdf\" target=\"_blank\" rel=\"noopener noreferrer\">Fertigofol Ultra<\/a>\u00a0(PDF)<br \/>\n<hr \/>\n<\/li>\n<li><a href=\"http:\/\/www.agroaliance.cz\/agronutrition\/pdf\/3-zvladani-stresu-regenerace-a-produkce\/starzinc-np.pdf\" target=\"_blank\" rel=\"noopener noreferrer\">Starzinc NP<\/a>\u00a0(PDF)<br \/>\n<hr \/>\n<\/li>\n<\/ul>\n","protected":false},"excerpt":{"rendered":"<p>Cerefol Multi\u00a0(PDF) Fertigofol Ultra\u00a0(PDF) Starzinc NP\u00a0(PDF)<\/p>\n","protected":false},"author":1,"featured_media":18,"parent":0,"menu_order":3,"comment_status":"closed","ping_status":"closed","template":"","meta":[],"_links":{"self":[{"href":"https:\/\/agroaliance.cz\/agronutrition\/wp-json\/wp\/v2\/pages\/26"}],"collection":[{"href":"https:\/\/agroaliance.cz\/agronutrition\/wp-json\/wp\/v2\/pages"}],"about":[{"href":"https:\/\/agroaliance.cz\/agronutrition\/wp-json\/wp\/v2\/types\/page"}],"author":[{"embeddable":true,"href":"https:\/\/agroaliance.cz\/agronutrition\/wp-json\/wp\/v2\/users\/1"}],"replies":[{"embeddable":true,"href":"https:\/\/agroaliance.cz\/agronutrition\/wp-json\/wp\/v2\/comments?post=26"}],"version-history":[{"count":8,"href":"https:\/\/agroaliance.cz\/agronutrition\/wp-json\/wp\/v2\/pages\/26\/revisions"}],"predecessor-version":[{"id":256,"href":"https:\/\/agroaliance.cz\/agronutrition\/wp-json\/wp\/v2\/pages\/26\/revisions\/256"}],"wp:featuredmedia":[{"embeddable":true,"href":"https:\/\/agroaliance.cz\/agronutrition\/wp-json\/wp\/v2\/media\/18"}],"wp:attachment":[{"href":"https:\/\/agroaliance.cz\/agronutrition\/wp-json\/wp\/v2\/media?parent=26"}],"curies":[{"name":"wp","href":"https:\/\/api.w.org\/{rel}","templated":true}]}}