{"id":30,"date":"2015-05-28T08:17:39","date_gmt":"2015-05-28T06:17:39","guid":{"rendered":"http:\/\/agroaliance.cz\/agronutrition\/?page_id=30"},"modified":"2020-01-15T17:24:58","modified_gmt":"2020-01-15T16:24:58","slug":"plodinova-doporuceni","status":"publish","type":"page","link":"https:\/\/agroaliance.cz\/agronutrition\/plodinova-doporuceni\/","title":{"rendered":"Plodinov\u00e1 doporu\u010den\u00ed"},"content":{"rendered":"<p><img loading=\"lazy\" class=\"alignright wp-image-16 size-medium\" src=\"http:\/\/agroaliance.cz\/agronutrition\/wp-content\/uploads\/round_2-300x258.png\" alt=\"round_2\" width=\"300\" height=\"258\" srcset=\"https:\/\/agroaliance.cz\/agronutrition\/wp-content\/uploads\/round_2-300x258.png 300w, https:\/\/agroaliance.cz\/agronutrition\/wp-content\/uploads\/round_2-1024x881.png 1024w, https:\/\/agroaliance.cz\/agronutrition\/wp-content\/uploads\/round_2.png 1314w\" sizes=\"(max-width: 300px) 100vw, 300px\" \/><\/p>\n<ul>\n<li><a href=\"http:\/\/www.agroaliance.cz\/agronutrition\/pdf\/5-plodinova-doporuceni\/brambory.pdf\" target=\"_blank\" rel=\"noopener noreferrer\">Brambory<\/a>\u00a0(PDF)<br \/>\n<hr \/>\n<\/li>\n<li><a href=\"http:\/\/www.agroaliance.cz\/agronutrition\/pdf\/5-plodinova-doporuceni\/cukrova-repa.pdf\" target=\"_blank\" rel=\"noopener noreferrer\">Cukrov\u00e1 \u0159epa<\/a>\u00a0(PDF)<br \/>\n<hr \/>\n<\/li>\n<li><a href=\"http:\/\/www.agroaliance.cz\/agronutrition\/pdf\/5-plodinova-doporuceni\/jablone.pdf\">Jablon\u011b<\/a>\u00a0(PDF)<br \/>\n<hr \/>\n<\/li>\n<li><a href=\"http:\/\/www.agroaliance.cz\/agronutrition\/pdf\/5-plodinova-doporuceni\/kukurice.pdf\" target=\"_blank\" rel=\"noopener noreferrer\">Kuku\u0159ice<\/a>\u00a0(PDF)<br \/>\n<hr \/>\n<\/li>\n<li><a href=\"http:\/\/www.agroaliance.cz\/agronutrition\/pdf\/5-plodinova-doporuceni\/obiloviny.pdf\" target=\"_blank\" rel=\"noopener noreferrer\">Obiloviny<\/a>\u00a0(PDF)<br \/>\n<hr \/>\n<\/li>\n<li><a href=\"http:\/\/www.agroaliance.cz\/agronutrition\/pdf\/5-plodinova-doporuceni\/repka.pdf\" target=\"_blank\" rel=\"noopener noreferrer\">\u0158epka<\/a>\u00a0(PDF)<br \/>\n<hr \/>\n<\/li>\n<li><a href=\"http:\/\/www.agroaliance.cz\/agronutrition\/pdf\/5-plodinova-doporuceni\/vinna-reva.pdf\" target=\"_blank\" rel=\"noopener noreferrer\">Vinn\u00e1 r\u00e9va<\/a>\u00a0(PDF)<br \/>\n<hr \/>\n<\/li>\n<\/ul>\n","protected":false},"excerpt":{"rendered":"<p>Brambory\u00a0(PDF) Cukrov\u00e1 \u0159epa\u00a0(PDF) Jablon\u011b\u00a0(PDF) Kuku\u0159ice\u00a0(PDF) Obiloviny\u00a0(PDF) \u0158epka\u00a0(PDF) Vinn\u00e1 r\u00e9va\u00a0(PDF)<\/p>\n","protected":false},"author":1,"featured_media":0,"parent":0,"menu_order":5,"comment_status":"closed","ping_status":"open","template":"","meta":[],"_links":{"self":[{"href":"https:\/\/agroaliance.cz\/agronutrition\/wp-json\/wp\/v2\/pages\/30"}],"collection":[{"href":"https:\/\/agroaliance.cz\/agronutrition\/wp-json\/wp\/v2\/pages"}],"about":[{"href":"https:\/\/agroaliance.cz\/agronutrition\/wp-json\/wp\/v2\/types\/page"}],"author":[{"embeddable":true,"href":"https:\/\/agroaliance.cz\/agronutrition\/wp-json\/wp\/v2\/users\/1"}],"replies":[{"embeddable":true,"href":"https:\/\/agroaliance.cz\/agronutrition\/wp-json\/wp\/v2\/comments?post=30"}],"version-history":[{"count":14,"href":"https:\/\/agroaliance.cz\/agronutrition\/wp-json\/wp\/v2\/pages\/30\/revisions"}],"predecessor-version":[{"id":257,"href":"https:\/\/agroaliance.cz\/agronutrition\/wp-json\/wp\/v2\/pages\/30\/revisions\/257"}],"wp:attachment":[{"href":"https:\/\/agroaliance.cz\/agronutrition\/wp-json\/wp\/v2\/media?parent=30"}],"curies":[{"name":"wp","href":"https:\/\/api.w.org\/{rel}","templated":true}]}}